{"id":3570,"date":"2022-05-20T11:28:22","date_gmt":"2022-05-20T11:28:22","guid":{"rendered":"https:\/\/hedonichotel.rs\/?page_id=3570"},"modified":"2026-03-18T16:17:17","modified_gmt":"2026-03-18T16:17:17","slug":"smestaj","status":"publish","type":"page","link":"https:\/\/hedonichotel.rs\/en\/smestaj\/","title":{"rendered":"Smestaj"},"content":{"rendered":"<div class=\"ia_row\">\r\n        \t<div class=\"vc_row wpb_row vc_row-fluid\"><div class=\"wpb_column vc_column_container vc_col-sm-12\"><div class=\"vc_column-inner\"><div class=\"wpb_wrapper\">\n\t<div class=\"wpb_text_column wpb_content_element\" >\n\t\t<div class=\"wpb_wrapper\">\n\t\t\t<p>Hotel Hedonic raspola\u017ee sa ukupno 58 sme\u0161tajnih jedinica visokog kvaliteta, pa\u017eljivo dizajniranih kako bi zadovoljile razli\u010dite potrebe gostiju:<\/p>\n<p>\u202224 dvokrevetne sobe tipa Standard<br \/>\n\u202215 dvokrevetnih soba tipa Deluxe<br \/>\n\u20224 trokrevetne sobe tipa Deluxe (od kojih je jedna prilago\u0111ena osobama sa invaliditetom)<br \/>\n\u20228 porodi\u010dnih \/ \u010detvorokrevetnih soba tipa Deluxe<br \/>\n\u20223 junior apartmana<br \/>\n\u20223 apartmana<br \/>\n\u20221 porodi\u010dna soba tipa Standard, prilago\u0111ena osobama sa invaliditetom<\/p>\n<p>Sobe su modernog dizajna, elegantne i izuzetno komforne. Opremljene su direktnom telefonskom linijom, besplatnim Wi-Fi internetom, LED televizorom sa kablovskim programima, mini-barom i elektronskim sefom, pru\u017eaju\u0107i sve \u0161to je potrebno za prijatan i bezbri\u017ean boravak.<br \/>\nDoru\u010dak na bazi \u0161vedskog stola, kao i Wi-Fi internet u svim javnim prostorijama hotela, uklju\u010deni su u cenu sme\u0161taja.<\/p>\n<p>Prijava gostiju je od 14.00 \u010dasova, a odjava do 12.00 \u010dasova.Dnevni odmor dostupan je u periodu od 10.00 do 18.00 \u010dasova.<br \/>\nZa rezervacije i ta\u010dne informacije o dostupnosti molimo kontaktirajte recepciju hotela na mail: reservations@hedonichotel.rs<\/p>\n\n\t\t<\/div>\n\t<\/div>\n<\/div><\/div><\/div><\/div>    \t\t\t<\/div><!--\/ia_row-->\r\n\t\t\t<div class=\"ia_row\">\r\n        \t<div class=\"vc_row wpb_row vc_row-fluid\"><div class=\"wpb_column vc_column_container vc_col-sm-6\"><div class=\"vc_column-inner\"><div class=\"wpb_wrapper\">\n\t<div  class=\"wpb_single_image wpb_content_element vc_align_center\">\n\t\t\n\t\t<figure class=\"wpb_wrapper vc_figure\">\n\t\t\t<div class=\"vc_single_image-wrapper   vc_box_border_grey\"><img loading=\"lazy\" decoding=\"async\" width=\"1478\" height=\"984\" src=\"https:\/\/hedonichotel.rs\/wp-content\/uploads\/2022\/05\/Webp.net-resizeimage-2.jpg\" class=\"vc_single_image-img attachment-full\" alt=\"\" srcset=\"https:\/\/hedonichotel.rs\/wp-content\/uploads\/2022\/05\/Webp.net-resizeimage-2.jpg 1478w, https:\/\/hedonichotel.rs\/wp-content\/uploads\/2022\/05\/Webp.net-resizeimage-2-300x200.jpg 300w, https:\/\/hedonichotel.rs\/wp-content\/uploads\/2022\/05\/Webp.net-resizeimage-2-1024x682.jpg 1024w, https:\/\/hedonichotel.rs\/wp-content\/uploads\/2022\/05\/Webp.net-resizeimage-2-768x511.jpg 768w\" sizes=\"auto, (max-width: 1478px) 100vw, 1478px\" \/><\/div>\n\t\t<\/figure>\n\t<\/div>\n<\/div><\/div><\/div><div class=\"wpb_column vc_column_container vc_col-sm-6\"><div class=\"vc_column-inner\"><div class=\"wpb_wrapper\">\n\t<div  class=\"wpb_single_image wpb_content_element vc_align_center\">\n\t\t\n\t\t<figure class=\"wpb_wrapper vc_figure\">\n\t\t\t<div class=\"vc_single_image-wrapper   vc_box_border_grey\"><img loading=\"lazy\" decoding=\"async\" width=\"1478\" height=\"982\" src=\"https:\/\/hedonichotel.rs\/wp-content\/uploads\/2022\/05\/Webp.net-resizeimage-1-1.jpg\" class=\"vc_single_image-img attachment-full\" alt=\"\" srcset=\"https:\/\/hedonichotel.rs\/wp-content\/uploads\/2022\/05\/Webp.net-resizeimage-1-1.jpg 1478w, https:\/\/hedonichotel.rs\/wp-content\/uploads\/2022\/05\/Webp.net-resizeimage-1-1-300x199.jpg 300w, https:\/\/hedonichotel.rs\/wp-content\/uploads\/2022\/05\/Webp.net-resizeimage-1-1-1024x680.jpg 1024w, https:\/\/hedonichotel.rs\/wp-content\/uploads\/2022\/05\/Webp.net-resizeimage-1-1-768x510.jpg 768w\" sizes=\"auto, (max-width: 1478px) 100vw, 1478px\" \/><\/div>\n\t\t<\/figure>\n\t<\/div>\n<\/div><\/div><\/div><\/div>    \t\t\t<\/div><!--\/ia_row-->\r\n\t<\/p>","protected":false},"excerpt":{"rendered":"Hotel Hedonic raspola\u017ee sa ukupno 58 sme\u0161tajnih jedinica visokog kvaliteta, pa\u017eljivo dizajniranih kako bi zadovoljile razli\u010dite potrebe gostiju: \u202224 dvokrevetne sobe tipa Standard \u202215 dvokrevetnih soba tipa Deluxe \u20224 trokrevetne sobe tipa Deluxe (od kojih [...]","protected":false},"author":4,"featured_media":0,"parent":0,"menu_order":0,"comment_status":"closed","ping_status":"closed","template":"","meta":{"footnotes":""},"class_list":["post-3570","page","type-page","status-publish","hentry"],"_links":{"self":[{"href":"https:\/\/hedonichotel.rs\/en\/wp-json\/wp\/v2\/pages\/3570","targetHints":{"allow":["GET"]}}],"collection":[{"href":"https:\/\/hedonichotel.rs\/en\/wp-json\/wp\/v2\/pages"}],"about":[{"href":"https:\/\/hedonichotel.rs\/en\/wp-json\/wp\/v2\/types\/page"}],"author":[{"embeddable":true,"href":"https:\/\/hedonichotel.rs\/en\/wp-json\/wp\/v2\/users\/4"}],"replies":[{"embeddable":true,"href":"https:\/\/hedonichotel.rs\/en\/wp-json\/wp\/v2\/comments?post=3570"}],"version-history":[{"count":7,"href":"https:\/\/hedonichotel.rs\/en\/wp-json\/wp\/v2\/pages\/3570\/revisions"}],"predecessor-version":[{"id":3741,"href":"https:\/\/hedonichotel.rs\/en\/wp-json\/wp\/v2\/pages\/3570\/revisions\/3741"}],"wp:attachment":[{"href":"https:\/\/hedonichotel.rs\/en\/wp-json\/wp\/v2\/media?parent=3570"}],"curies":[{"name":"wp","href":"https:\/\/api.w.org\/{rel}","templated":true}]}}