{"id":3463,"date":"2022-03-28T09:28:20","date_gmt":"2022-03-28T09:28:20","guid":{"rendered":"https:\/\/hedonichotel.rs\/?page_id=3463"},"modified":"2026-03-18T16:24:08","modified_gmt":"2026-03-18T16:24:08","slug":"sastanci-i-konferencije","status":"publish","type":"page","link":"https:\/\/hedonichotel.rs\/en\/sastanci-i-konferencije\/","title":{"rendered":"Meeting and Conference"},"content":{"rendered":"<div class=\"ia_row\">\r\n        \t<div class=\"vc_row wpb_row vc_row-fluid\"><div class=\"wpb_column vc_column_container vc_col-sm-12\"><div class=\"vc_column-inner\"><div class=\"wpb_wrapper\">\n\t<div class=\"wpb_text_column wpb_content_element\" >\n\t\t<div class=\"wpb_wrapper\">\n\t\t\t<h4 style=\"text-align: center;\">Hotel Hedonic predstavlja idealno mesto za organizaciju kompanijskih seminara, poslovnih sastanaka, radionica, prezentacija i drugih korporativnih doga\u0111aja.<\/h4>\n<h4 style=\"text-align: center;\">Na raspolaganju su \u010detiri moderno opremljene konferencijske sale, prilago\u0111ene razli\u010ditim tipovima doga\u0111aja:<\/h4>\n<h4 style=\"text-align: center;\">\u2022Sala 1 \u2013 do 48 osoba (konferencijska postavka)<br \/>\n\u2022Sala 2 \u2013 do 20 osoba (konferencijska postavka)<br \/>\n\u2022Sala 3 \u2013 do 40 osoba (konferencijska postavka)<br \/>\n\u2022Sala 4 \u2013 do 32 osobe (konferencijska postavka)<\/h4>\n<h4 style=\"text-align: center;\">U navedenim salama mogu\u0107e je organizovati i bioskopsku postavku, u kom slu\u010daju kapacitet prostora mo\u017ee biti ve\u0107i, u zavisnosti od rasporeda i tehni\u010dkih zahteva doga\u0111aja.<\/h4>\n<h4 style=\"text-align: center;\">Sve sale su klimatizovane, imaju prirodno dnevno svetlo i mogu se iznajmiti sa ili bez tehni\u010dke opreme, u skladu sa potrebama organizatora. Fleksibilnost prostora omogu\u0107ava prilago\u0111avanje razli\u010ditim vrstama postavki (konferencijska, bioskopska, U postavka i dr.).<\/h4>\n<h4 style=\"text-align: center;\">Pored konferencijskih sala, hotel raspola\u017ee i prostranom banket salom, konstruktivno jedinstvenim prostorom visine 4,5 m, bez stubova. Sala se prostire na 600 m\u00b2 i mo\u017ee se podeliti u vi\u0161e funkcionalnih celina. Kapacitet banket sale je do 400 mesta u banket postavci.<\/h4>\n<h4 style=\"text-align: center;\">U banket sali mogu\u0107e je organizovati sve vrste poslovnih doga\u0111aja (konferencije, seminare, prezentacije, sastanke), kao i razli\u010dite vrste proslava (korporativne proslave, sve\u010dane ru\u010dkove i ve\u010dere, svadbe), uz kompletnu restoransku i catering uslugu hotela.<\/h4>\n<h4 style=\"text-align: center;\">Hotel poseduje sopstveni parking kapaciteta 200 vozila, pod video nadzorom i uz fizi\u010dko obezbe\u0111enje.<\/h4>\n<h4 style=\"text-align: center;\">Parking je besplatan za sve goste hotela.<br \/>\nTelefon za informacije: +381 64 8568 731<\/h4>\n\n\t\t<\/div>\n\t<\/div>\n<\/div><\/div><\/div><\/div>    \t\t\t<\/div><!--\/ia_row-->","protected":false},"excerpt":{"rendered":"Hotel Hedonic predstavlja idealno mesto za organizaciju kompanijskih seminara, poslovnih sastanaka, radionica, prezentacija i drugih korporativnih doga\u0111aja. Na raspolaganju su \u010detiri moderno opremljene konferencijske sale, prilago\u0111ene razli\u010ditim tipovima doga\u0111aja: \u2022Sala 1 \u2013 do 48 osoba [...]","protected":false},"author":4,"featured_media":0,"parent":0,"menu_order":0,"comment_status":"closed","ping_status":"closed","template":"","meta":{"footnotes":""},"class_list":["post-3463","page","type-page","status-publish","hentry"],"_links":{"self":[{"href":"https:\/\/hedonichotel.rs\/en\/wp-json\/wp\/v2\/pages\/3463","targetHints":{"allow":["GET"]}}],"collection":[{"href":"https:\/\/hedonichotel.rs\/en\/wp-json\/wp\/v2\/pages"}],"about":[{"href":"https:\/\/hedonichotel.rs\/en\/wp-json\/wp\/v2\/types\/page"}],"author":[{"embeddable":true,"href":"https:\/\/hedonichotel.rs\/en\/wp-json\/wp\/v2\/users\/4"}],"replies":[{"embeddable":true,"href":"https:\/\/hedonichotel.rs\/en\/wp-json\/wp\/v2\/comments?post=3463"}],"version-history":[{"count":4,"href":"https:\/\/hedonichotel.rs\/en\/wp-json\/wp\/v2\/pages\/3463\/revisions"}],"predecessor-version":[{"id":3745,"href":"https:\/\/hedonichotel.rs\/en\/wp-json\/wp\/v2\/pages\/3463\/revisions\/3745"}],"wp:attachment":[{"href":"https:\/\/hedonichotel.rs\/en\/wp-json\/wp\/v2\/media?parent=3463"}],"curies":[{"name":"wp","href":"https:\/\/api.w.org\/{rel}","templated":true}]}}