{"id":3461,"date":"2022-03-28T09:27:40","date_gmt":"2022-03-28T09:27:40","guid":{"rendered":"https:\/\/hedonichotel.rs\/?page_id=3461"},"modified":"2026-03-18T16:53:06","modified_gmt":"2026-03-18T16:53:06","slug":"vencanje","status":"publish","type":"page","link":"https:\/\/hedonichotel.rs\/en\/vencanje\/","title":{"rendered":"Wedding"},"content":{"rendered":"<div class=\"ia_row\">\r\n        \t<div class=\"vc_row wpb_row vc_row-fluid\"><div class=\"wpb_column vc_column_container vc_col-sm-12\"><div class=\"vc_column-inner\"><div class=\"wpb_wrapper\">\n\t<div class=\"wpb_text_column wpb_content_element \" >\n\t\t<div class=\"wpb_wrapper\">\n\t\t\t<p>Priu\u0161tite sebi luksuz i uka\u017eite poverenje stru\u010dnom timu hotela \u201eHedonic\u201c, koji \u0107e u ekskluzivnoj banket sali sa zadovoljstvom organizovati svaku vrstu Va\u0161e sve\u010danosti. Banket sala \u201eHedonic\u201c je opremljena po najvi\u0161im ugostiteljskim standardima, kapaciteta 400 sede\u0107ih mesta i ambijentom, koji \u0107e svakog va\u0161eg gosta sa sigurno\u0161\u0107u impresionirati. U okviru hotela dostupan je parking za 200 vozila.<\/p>\n<p>Izaberite paket koji \u0107e najbolje odgovarati ovom posebnom danu i u\u010dinite ga ispunjenim najfinijim detaljima.<\/p>\n<p>Telefon za informacije :\u00a0 <a href=\"tel:+381648568731\">+381 64 8568 731<\/a><\/p>\n\n\t\t<\/div>\n\t<\/div>\n<\/div><\/div><\/div><\/div>    \t\t\t<\/div><!--\/ia_row-->\r\n\t\t\t<div class=\"ia_row\">\r\n        \t<div class=\"vc_row wpb_row vc_row-fluid\"><div class=\"wpb_column vc_column_container vc_col-sm-6\"><div class=\"vc_column-inner\"><div class=\"wpb_wrapper\">\n\t<div  class=\"wpb_single_image wpb_content_element vc_align_center\">\n\t\t\n\t\t<figure class=\"wpb_wrapper vc_figure\">\n\t\t\t<div class=\"vc_single_image-wrapper   vc_box_border_grey\"><img loading=\"lazy\" decoding=\"async\" width=\"1024\" height=\"684\" src=\"https:\/\/hedonichotel.rs\/wp-content\/uploads\/2022\/05\/MAS_9477-1024x684-1.jpg\" class=\"vc_single_image-img attachment-full\" alt=\"\" srcset=\"https:\/\/hedonichotel.rs\/wp-content\/uploads\/2022\/05\/MAS_9477-1024x684-1.jpg 1024w, https:\/\/hedonichotel.rs\/wp-content\/uploads\/2022\/05\/MAS_9477-1024x684-1-300x200.jpg 300w, https:\/\/hedonichotel.rs\/wp-content\/uploads\/2022\/05\/MAS_9477-1024x684-1-768x513.jpg 768w\" sizes=\"auto, (max-width: 1024px) 100vw, 1024px\" \/><\/div>\n\t\t<\/figure>\n\t<\/div>\n<\/div><\/div><\/div><div class=\"wpb_column vc_column_container vc_col-sm-6\"><div class=\"vc_column-inner\"><div class=\"wpb_wrapper\">\n\t<div  class=\"wpb_single_image wpb_content_element vc_align_center\">\n\t\t\n\t\t<figure class=\"wpb_wrapper vc_figure\">\n\t\t\t<div class=\"vc_single_image-wrapper   vc_box_border_grey\"><img loading=\"lazy\" decoding=\"async\" width=\"1024\" height=\"682\" src=\"https:\/\/hedonichotel.rs\/wp-content\/uploads\/2022\/05\/FTV_6462-1024x682-1.jpg\" class=\"vc_single_image-img attachment-full\" alt=\"\" srcset=\"https:\/\/hedonichotel.rs\/wp-content\/uploads\/2022\/05\/FTV_6462-1024x682-1.jpg 1024w, https:\/\/hedonichotel.rs\/wp-content\/uploads\/2022\/05\/FTV_6462-1024x682-1-300x200.jpg 300w, https:\/\/hedonichotel.rs\/wp-content\/uploads\/2022\/05\/FTV_6462-1024x682-1-768x512.jpg 768w\" sizes=\"auto, (max-width: 1024px) 100vw, 1024px\" \/><\/div>\n\t\t<\/figure>\n\t<\/div>\n<\/div><\/div><\/div><\/div>    \t\t\t<\/div><!--\/ia_row-->\r\n\t\t\t<div class=\"ia_row\">\r\n        \t<div class=\"vc_row wpb_row vc_row-fluid\"><div class=\"wpb_column vc_column_container vc_col-sm-12\"><div class=\"vc_column-inner\"><div class=\"wpb_wrapper\">\n\t<div class=\"wpb_text_column wpb_content_element \" >\n\t\t<div class=\"wpb_wrapper\">\n\t\t\t<p style=\"text-align: center;\"><span style=\"color: #ffffff;\"><strong>U ponudi imamo:<\/strong><\/span><\/p>\n<ul>\n<li style=\"list-style-type: none;\">\n<ul>\n<li><span style=\"color: #ffffff;\"><strong>Vi\u0161e vrsta sve\u010danih menija po najpovoljnijim cenama<\/strong><\/span><\/li>\n<li><span style=\"color: #ffffff;\"><strong>Profesionalnu dekoraciju sale<\/strong><\/span><\/li>\n<li><span style=\"color: #ffffff;\"><strong>Najsavremeniji sistem klimatizacije i ventilacije<\/strong><\/span><\/li>\n<li><span style=\"color: #ffffff;\"><strong>Jedinstvenu i prilagodljivu rasvetu sale<\/strong><\/span><\/li>\n<li><span style=\"color: #ffffff;\"><strong>Wi-Fi<\/strong><\/span><\/li>\n<li><span style=\"color: #ffffff;\"><strong>Besplatan Wi-Fi<\/strong><\/span><\/li>\n<li><span style=\"color: #ffffff;\"><strong>Besplatan parking za goste<\/strong><\/span><\/li>\n<\/ul>\n<\/li>\n<\/ul>\n<p style=\"text-align: center;\">\u2728Svim na\u0161im mladencima poklanjamo no\u0107enje<br \/>\nsa doru\u010dkom u jednom od na\u0161ih luksuznih apartmana kao poklon Hotela Hedonic.<\/p>\n\n\t\t<\/div>\n\t<\/div>\n\n\t<div class=\"wpb_text_column wpb_content_element \" >\n\t\t<div class=\"wpb_wrapper\">\n\t\t\t<p style=\"text-align: center;\"><style id=\"wp_carousel_dynamic_css3670\">.sp-wp-carousel-free-id-3670.wpcf-fancybox-wrapper .fancybox-bg{background: #0b0b0b;opacity: 0.8;}.sp-wp-carousel-free-id-3670.wpcf-fancybox-wrapper .fancybox-navigation .fancybox-button .wpcp-fancybox-nav-arrow i {color: #ccc;}.sp-wp-carousel-free-id-3670.wpcf-fancybox-wrapper .fancybox-navigation .fancybox-button .wpcp-fancybox-nav-arrow i:hover {color: #fff;}.sp-wp-carousel-free-id-3670.wpcf-fancybox-wrapper .fancybox-navigation .fancybox-button {background: #1e1e1e;}.sp-wp-carousel-free-id-3670.wpcf-fancybox-wrapper .fancybox-navigation .fancybox-button:hover {background: #1e1e1e;}#sp-wp-carousel-free-id-3670 .wpcp-swiper-dots {margin: 40px 0px 0px 0px;}.wpcp-wrapper-3670 .swiper-wrapper .swiper-slide-kenburn, .wpcp-wrapper-3670 .swiper-wrapper, .wpcp-wrapper-3670 .wpcpro-row{align-items: center;}#sp-wp-carousel-free-id-3670 .wpcp-single-item {box-shadow: 0px 0px 0px 0px #dddddd;transition: all .3s;margin: 0px;}#sp-wp-carousel-free-id-3670.swiper-flip .wpcp-single-item{margin: 0!important;}#sp-wp-carousel-free-id-3670 .wpcp-single-item:hover {box-shadow: 0px 0px 0px 0px #dddddd;}#sp-wp-carousel-free-id-3670.sp-wpcp-3670 .wpcp-single-item {border: 1px solid #dddddd;}#sp-wp-carousel-free-id-3670.sp-wpcp-3670 .swiper-button-prev,#sp-wp-carousel-free-id-3670.sp-wpcp-3670 .swiper-button-next,#sp-wp-carousel-free-id-3670.sp-wpcp-3670 .swiper-button-prev:hover,#sp-wp-carousel-free-id-3670.sp-wpcp-3670 .swiper-button-next:hover {background: none;border: none;font-size: 30px;}#sp-wp-carousel-free-id-3670.sp-wpcp-3670 .swiper-button-prev i,#sp-wp-carousel-free-id-3670.sp-wpcp-3670 .swiper-button-next i {color: #aaa;}#sp-wp-carousel-free-id-3670.sp-wpcp-3670 .swiper-button-prev i:hover,#sp-wp-carousel-free-id-3670.sp-wpcp-3670 .swiper-button-next i:hover {color: #178087;}#sp-wp-carousel-free-id-3670.sp-wpcp-3670 .wpcp-swiper-dots .swiper-pagination-bullet {background-color: #cccccc;}#sp-wp-carousel-free-id-3670.sp-wpcp-3670 .wpcp-swiper-dots .swiper-pagination-bullet.swiper-pagination-bullet-active {background-color: #178087;} #sp-wp-carousel-free-id-3670.sp-wpcp-3670.wpcp-image-carousel .wpcp-single-item:hover img, #sp-wp-carousel-free-id-3670.sp-wpcp-3670.wpcp-post-carousel .wpcp-single-item:hover img, #sp-wp-carousel-free-id-3670.sp-wpcp-3670.wpcp-product-carousel .wpcp-single-item:hover img{-webkit-transform: scale(1.2);-moz-transform: scale(1.2);transform: scale(1.2);}@media screen and (max-width: 479px) {#sp-wp-carousel-free-id-3670.nav-vertical-center {padding: 0;margin:0;}#sp-wp-carousel-free-id-3670.nav-vertical-center .wpcp-next-button,#sp-wp-carousel-free-id-3670.nav-vertical-center .wpcp-prev-button {display: none;}}#sp-wp-carousel-free-id-3670 .wpcpro-row>[class*=\"wpcpro-col-\"] { padding: 0 10px; padding-bottom: 20px;} #sp-wp-carousel-free-id-3670 .swiper-slide .single-item-fade:not(:last-child) { margin-right: 20px;}@media (min-width: 480px) { .wpcpro-row .wpcpro-col-sm-1 { flex: 0 0 100%; max-width: 100%; } .wpcpro-row .wpcpro-col-sm-2 { flex: 0 0 50%; max-width: 50%; } .wpcpro-row .wpcpro-col-sm-2-5 { flex: 0 0 75%; max-width: 75%; } .wpcpro-row .wpcpro-col-sm-3 { flex: 0 0 33.333%; max-width: 33.333%; } .wpcpro-row .wpcpro-col-sm-4 { flex: 0 0 25%; max-width: 25%; } .wpcpro-row .wpcpro-col-sm-5 { flex: 0 0 20%; max-width: 20%; } .wpcpro-row .wpcpro-col-sm-6 { flex: 0 0 16.66666666666667%; max-width: 16.66666666666667%; } .wpcpro-row .wpcpro-col-sm-7 { flex: 0 0 14.28571428%; max-width: 14.28571428%; } .wpcpro-row .wpcpro-col-sm-8 { flex: 0 0 12.5%; max-width: 12.5%; } } @media (max-width: 480px) { .wpcpro-row .wpcpro-col-xs-1 { flex: 0 0 100%; max-width: 100%; } .wpcpro-row .wpcpro-col-xs-2 { flex: 0 0 50%; max-width: 50%; } .wpcpro-row .wpcpro-col-xs-3 { flex: 0 0 33.222%; max-width: 33.222%; } .wpcpro-row .wpcpro-col-xs-4 { flex: 0 0 25%; max-width: 25%; } .wpcpro-row .wpcpro-col-xs-5 { flex: 0 0 20%; max-width: 20%; } .wpcpro-row .wpcpro-col-xs-6 { flex: 0 0 16.6667%; max-width: 16.6667%; } .wpcpro-row .wpcpro-col-xs-7 { flex: 0 0 14.28571428%; max-width: 14.28571428%; } .wpcpro-row .wpcpro-col-xs-8 { flex: 0 0 12.5%; max-width: 12.5%; } } @media (min-width: 736px) { .wpcpro-row .wpcpro-col-md-1 { flex: 0 0 100%; max-width: 100%; } .wpcpro-row .wpcpro-col-md-2 { flex: 0 0 50%; max-width: 50%; } .wpcpro-row .wpcpro-col-md-2-5 { flex: 0 0 75%; max-width: 75%; } .wpcpro-row .wpcpro-col-md-3 { flex: 0 0 33.333%; max-width: 33.333%; } .wpcpro-row .wpcpro-col-md-4 { flex: 0 0 25%; max-width: 25%; } .wpcpro-row .wpcpro-col-md-5 { flex: 0 0 20%; max-width: 20%; } .wpcpro-row .wpcpro-col-md-6 { flex: 0 0 16.66666666666667%; max-width: 16.66666666666667%; } .wpcpro-row .wpcpro-col-md-7 { flex: 0 0 14.28571428%; max-width: 14.28571428%; } .wpcpro-row .wpcpro-col-md-8 { flex: 0 0 12.5%; max-width: 12.5%; } } @media (min-width: 980px) { .wpcpro-row .wpcpro-col-lg-1 { flex: 0 0 100%; max-width: 100%; } .wpcpro-row .wpcpro-col-lg-2 { flex: 0 0 50%; max-width: 50%; } .wpcpro-row .wpcpro-col-lg-3 { flex: 0 0 33.222%; max-width: 33.222%; } .wpcpro-row .wpcpro-col-lg-4 { flex: 0 0 25%; max-width: 25%; } .wpcpro-row .wpcpro-col-lg-5 { flex: 0 0 20%; max-width: 20%; } .wpcpro-row .wpcpro-col-lg-6 { flex: 0 0 16.6667%; max-width: 16.6667%; } .wpcpro-row .wpcpro-col-lg-7 { flex: 0 0 14.28571428%; max-width: 14.28571428%; } .wpcpro-row .wpcpro-col-lg-8 { flex: 0 0 12.5%; max-width: 12.5%; } } @media (min-width: 1200px) { .wpcpro-row .wpcpro-col-xl-1 { flex: 0 0 100%; max-width: 100%; } .wpcpro-row .wpcpro-col-xl-2 { flex: 0 0 50%; max-width: 50%; } .wpcpro-row .wpcpro-col-xl-3 { flex: 0 0 33.22222222%; max-width: 33.22222222%; } .wpcpro-row .wpcpro-col-xl-4 { flex: 0 0 25%; max-width: 25%; } .wpcpro-row .wpcpro-col-xl-5 { flex: 0 0 20%; max-width: 20%; } .wpcpro-row .wpcpro-col-xl-6 { flex: 0 0 16.66667%; max-width: 16.66667%; } .wpcpro-row .wpcpro-col-xl-7 { flex: 0 0 14.28571428%; max-width: 14.28571428%; } .wpcpro-row .wpcpro-col-xl-8 { flex: 0 0 12.5%; max-width: 12.5%; } }<\/style><div class=\"wpcp-carousel-wrapper wpcp-wrapper-3670\">\n\t<div id=\"wpcp-preloader-3670\" class=\"wpcp-carousel-preloader\"><img decoding=\"async\" src=\"https:\/\/hedonichotel.rs\/wp-content\/plugins\/wp-carousel-free\/public\/css\/spinner.svg\" alt=\"Preloader Image\" \/><\/div>\t<div class=\"wpcp-carousel-content-wrapper\">\n\t<div id=\"sp-wp-carousel-free-id-3670\" class=\"wpcp-carousel-section sp-wpcp-3670  nav-vertical-center wpcp-image-carousel wpcp-preloader wpcp-standard\" data-swiper='{ &quot;pagination_type&quot;: &quot;dots&quot;,&quot;accessibility&quot;:true, &quot;spaceBetween&quot;:20, &quot;arrows&quot;:true, &quot;freeMode&quot;: false, &quot;autoplay&quot;:true, &quot;effect&quot;: &quot;slide&quot;, &quot;centerMode&quot;: false, &quot;autoplaySpeed&quot;:3000, &quot;dots&quot;:true, &quot;infinite&quot;:true, &quot;speed&quot;:600, &quot;pauseOnHover&quot;:true,\n\t\t\t&quot;slidesToShow&quot;:{&quot;lg_desktop&quot;:1, &quot;desktop&quot;: 1, &quot;laptop&quot;: 1, &quot;tablet&quot;: 1, &quot;mobile&quot;: 1}, &quot;responsive&quot;:{&quot;desktop&quot;:1200, &quot;laptop&quot;: 980, &quot;tablet&quot;: 736, &quot;mobile&quot;: 480}, &quot;rtl&quot;:false, &quot;lazyLoad&quot;: &quot;false&quot;, &quot;swipe&quot;: true, &quot;draggable&quot;: true, &quot;swipeToSlide&quot;:false }' dir=\"ltr\">\n\t\t<div class=\"swiper-wrapper\">\n\t\t<div class=\"swiper-slide\">\n\t<div class=\"wpcp-single-item\">\n\t\t\t<div class=\"wpcp-slide-image\">\n\t\t<img loading=\"lazy\" decoding=\"async\" class=\"skip-lazy\" src=\"https:\/\/hedonichotel.rs\/wp-content\/uploads\/2021\/07\/72303078_112675486821551_8163122624981893120_n.jpg\" alt=\"72303078_112675486821551_8163122624981893120_n\" width=\"1848\" height=\"1230\">\t<\/div>\n\t\t<\/div>\n<\/div>\n\t<div class=\"swiper-slide\">\n\t<div class=\"wpcp-single-item\">\n\t\t\t<div class=\"wpcp-slide-image\">\n\t\t<img loading=\"lazy\" decoding=\"async\" class=\"skip-lazy\" src=\"https:\/\/hedonichotel.rs\/wp-content\/uploads\/2021\/07\/74355636_112675563488210_4496700715892211712_n.jpg\" alt=\"74355636_112675563488210_4496700715892211712_n\" width=\"1848\" height=\"1230\">\t<\/div>\n\t\t<\/div>\n<\/div>\n\t<div class=\"swiper-slide\">\n\t<div class=\"wpcp-single-item\">\n\t\t\t<div class=\"wpcp-slide-image\">\n\t\t<img loading=\"lazy\" decoding=\"async\" class=\"skip-lazy\" src=\"https:\/\/hedonichotel.rs\/wp-content\/uploads\/2021\/07\/FTV_6066.jpg\" alt=\"FTV_6066\" width=\"2464\" height=\"1640\">\t<\/div>\n\t\t<\/div>\n<\/div>\n\t<div class=\"swiper-slide\">\n\t<div class=\"wpcp-single-item\">\n\t\t\t<div class=\"wpcp-slide-image\">\n\t\t<img loading=\"lazy\" decoding=\"async\" class=\"skip-lazy\" src=\"https:\/\/hedonichotel.rs\/wp-content\/uploads\/2021\/07\/FTV_6580.jpg\" alt=\"FTV_6580\" width=\"2464\" height=\"1640\">\t<\/div>\n\t\t<\/div>\n<\/div>\n\t<div class=\"swiper-slide\">\n\t<div class=\"wpcp-single-item\">\n\t\t\t<div class=\"wpcp-slide-image\">\n\t\t<img loading=\"lazy\" decoding=\"async\" class=\"skip-lazy\" src=\"https:\/\/hedonichotel.rs\/wp-content\/uploads\/2021\/07\/FTV_6732.jpg\" alt=\"FTV_6732\" width=\"2464\" height=\"1640\">\t<\/div>\n\t\t<\/div>\n<\/div>\n\t<div class=\"swiper-slide\">\n\t<div class=\"wpcp-single-item\">\n\t\t\t<div class=\"wpcp-slide-image\">\n\t\t<img loading=\"lazy\" decoding=\"async\" class=\"skip-lazy\" src=\"https:\/\/hedonichotel.rs\/wp-content\/uploads\/2021\/07\/FTV_7281.jpg\" alt=\"FTV_7281\" width=\"2464\" height=\"1640\">\t<\/div>\n\t\t<\/div>\n<\/div>\n\t<div class=\"swiper-slide\">\n\t<div class=\"wpcp-single-item\">\n\t\t\t<div class=\"wpcp-slide-image\">\n\t\t<img loading=\"lazy\" decoding=\"async\" class=\"skip-lazy\" src=\"https:\/\/hedonichotel.rs\/wp-content\/uploads\/2021\/07\/FTV_7413.jpg\" alt=\"FTV_7413\" width=\"2464\" height=\"1640\">\t<\/div>\n\t\t<\/div>\n<\/div>\n\t<div class=\"swiper-slide\">\n\t<div class=\"wpcp-single-item\">\n\t\t\t<div class=\"wpcp-slide-image\">\n\t\t<img loading=\"lazy\" decoding=\"async\" class=\"skip-lazy\" src=\"https:\/\/hedonichotel.rs\/wp-content\/uploads\/2021\/07\/Iza-naslovne.jpg\" alt=\"Iza naslovne\" width=\"983\" height=\"677\">\t<\/div>\n\t\t<\/div>\n<\/div>\n\t<div class=\"swiper-slide\">\n\t<div class=\"wpcp-single-item\">\n\t\t\t<div class=\"wpcp-slide-image\">\n\t\t<img loading=\"lazy\" decoding=\"async\" class=\"skip-lazy\" src=\"https:\/\/hedonichotel.rs\/wp-content\/uploads\/2021\/07\/Maj.jpg\" alt=\"Maj\" width=\"2464\" height=\"1640\">\t<\/div>\n\t\t<\/div>\n<\/div>\n\t<div class=\"swiper-slide\">\n\t<div class=\"wpcp-single-item\">\n\t\t\t<div class=\"wpcp-slide-image\">\n\t\t<img loading=\"lazy\" decoding=\"async\" class=\"skip-lazy\" src=\"https:\/\/hedonichotel.rs\/wp-content\/uploads\/2021\/07\/My-New-Project-2_02-scaled.jpg\" alt=\"My New Project 2_02\" width=\"2560\" height=\"1692\">\t<\/div>\n\t\t<\/div>\n<\/div>\n\t<div class=\"swiper-slide\">\n\t<div class=\"wpcp-single-item\">\n\t\t\t<div class=\"wpcp-slide-image\">\n\t\t<img loading=\"lazy\" decoding=\"async\" class=\"skip-lazy\" src=\"https:\/\/hedonichotel.rs\/wp-content\/uploads\/2021\/07\/My-New-Project-2_04-scaled.jpg\" alt=\"My New Project 2_04\" width=\"2560\" height=\"1692\">\t<\/div>\n\t\t<\/div>\n<\/div>\n\t<div class=\"swiper-slide\">\n\t<div class=\"wpcp-single-item\">\n\t\t\t<div class=\"wpcp-slide-image\">\n\t\t<img loading=\"lazy\" decoding=\"async\" class=\"skip-lazy\" src=\"https:\/\/hedonichotel.rs\/wp-content\/uploads\/2021\/07\/ZEX_7771.jpg\" alt=\"ZEX_7771\" width=\"2128\" height=\"1416\">\t<\/div>\n\t\t<\/div>\n<\/div>\n\t\t\t<\/div>\n\t\t\t\t\t<div class=\"wpcp-swiper-dots swiper-pagination\"><\/div>\n\t\t\t\t<!-- If we need navigation buttons -->\n\t\t\t\t\t<div class=\"wpcp-prev-button swiper-button-prev\"><i class=\"fa fa-angle-left\"><\/i><\/div>\n\t\t\t<div class=\"wpcp-next-button swiper-button-next\"><i class=\"fa fa-angle-right\"><\/i><\/div>\n\t\t\t<\/div>\n\t<\/div>\n<\/div>\n\n\t\t<\/div>\n\t<\/div>\n<\/div><\/div><\/div><\/div>    \t\t\t<\/div><!--\/ia_row-->\r\n\t<\/p>\n","protected":false},"excerpt":{"rendered":"Priu\u0161tite sebi luksuz i uka\u017eite poverenje stru\u010dnom timu hotela \u201eHedonic\u201c, koji \u0107e u ekskluzivnoj banket sali sa zadovoljstvom organizovati svaku vrstu Va\u0161e sve\u010danosti. Banket sala \u201eHedonic\u201c je opremljena po najvi\u0161im ugostiteljskim standardima, kapaciteta 400 sede\u0107ih [...]","protected":false},"author":4,"featured_media":0,"parent":0,"menu_order":0,"comment_status":"closed","ping_status":"closed","template":"","meta":{"footnotes":""},"class_list":["post-3461","page","type-page","status-publish","hentry"],"_links":{"self":[{"href":"https:\/\/hedonichotel.rs\/en\/wp-json\/wp\/v2\/pages\/3461","targetHints":{"allow":["GET"]}}],"collection":[{"href":"https:\/\/hedonichotel.rs\/en\/wp-json\/wp\/v2\/pages"}],"about":[{"href":"https:\/\/hedonichotel.rs\/en\/wp-json\/wp\/v2\/types\/page"}],"author":[{"embeddable":true,"href":"https:\/\/hedonichotel.rs\/en\/wp-json\/wp\/v2\/users\/4"}],"replies":[{"embeddable":true,"href":"https:\/\/hedonichotel.rs\/en\/wp-json\/wp\/v2\/comments?post=3461"}],"version-history":[{"count":8,"href":"https:\/\/hedonichotel.rs\/en\/wp-json\/wp\/v2\/pages\/3461\/revisions"}],"predecessor-version":[{"id":3746,"href":"https:\/\/hedonichotel.rs\/en\/wp-json\/wp\/v2\/pages\/3461\/revisions\/3746"}],"wp:attachment":[{"href":"https:\/\/hedonichotel.rs\/en\/wp-json\/wp\/v2\/media?parent=3461"}],"curies":[{"name":"wp","href":"https:\/\/api.w.org\/{rel}","templated":true}]}}