{"id":3452,"date":"2022-03-28T09:22:01","date_gmt":"2022-03-28T09:22:01","guid":{"rendered":"https:\/\/hedonichotel.rs\/?page_id=3452"},"modified":"2026-03-18T16:20:02","modified_gmt":"2026-03-18T16:20:02","slug":"restoran","status":"publish","type":"page","link":"https:\/\/hedonichotel.rs\/en\/restoran\/","title":{"rendered":"Restaurant"},"content":{"rendered":"<div class=\"ia_row\">\r\n        \t<div class=\"vc_row wpb_row vc_row-fluid\"><div class=\"wpb_column vc_column_container vc_col-sm-12\"><div class=\"vc_column-inner\"><div class=\"wpb_wrapper\">\n\t<div class=\"wpb_text_column wpb_content_element \" >\n\t\t<div class=\"wpb_wrapper\">\n\t\t\t<p>U\u017eivajte u pa\u017eljivo odabranoj selekciji doma\u0107ih i internacionalnih jela, pripremljenih od najkvalitetnijih namirnica uz veliku posve\u0107enost i profesionalnost kuhinjskog tima.<\/p>\n<p>Uz vrhunsku uslugu i uvek ljubazno osoblje, poseta restoranu Avala predstavlja gastronomsko iskustvo koje \u0107e zadovoljiti sva Va\u0161a \u010dula. Kapacitet \u00e0 la carte restorana Avala je 80 mesta, \u0161to ga \u010dini idealnim kako za intimne ve\u010dere, tako i za poslovne ru\u010dkove i porodi\u010dna okupljanja.<\/p>\n<p>Pored restorana, Hotel Hedonic poseduje i Caf\u00e9 bar i Lounge garden \u2013 savr\u0161ena mesta za opu\u0161tanje, poslovne susrete ili u\u017eivanje u prijatnom ambijentu uz omiljeno pi\u0107e.<\/p>\n\n\t\t<\/div>\n\t<\/div>\n<\/div><\/div><\/div><\/div>    \t\t\t<\/div><!--\/ia_row-->\r\n\t\t\t<div class=\"ia_row\">\r\n        \t<div class=\"vc_row wpb_row vc_row-fluid\"><div class=\"wpb_column vc_column_container vc_col-sm-6\"><div class=\"vc_column-inner\"><div class=\"wpb_wrapper\">\n\t<div  class=\"wpb_single_image wpb_content_element vc_align_center\">\n\t\t\n\t\t<figure class=\"wpb_wrapper vc_figure\">\n\t\t\t<div class=\"vc_single_image-wrapper   vc_box_border_grey\"><img loading=\"lazy\" decoding=\"async\" width=\"600\" height=\"400\" src=\"https:\/\/hedonichotel.rs\/wp-content\/uploads\/2022\/05\/IMG-e5dcdc114d94b1f66a04abd7df75027c-V-600x400-1.jpg\" class=\"vc_single_image-img attachment-full\" alt=\"\" srcset=\"https:\/\/hedonichotel.rs\/wp-content\/uploads\/2022\/05\/IMG-e5dcdc114d94b1f66a04abd7df75027c-V-600x400-1.jpg 600w, https:\/\/hedonichotel.rs\/wp-content\/uploads\/2022\/05\/IMG-e5dcdc114d94b1f66a04abd7df75027c-V-600x400-1-300x200.jpg 300w\" sizes=\"auto, (max-width: 600px) 100vw, 600px\" \/><\/div>\n\t\t<\/figure>\n\t<\/div>\n<\/div><\/div><\/div><div class=\"wpb_column vc_column_container vc_col-sm-6\"><div class=\"vc_column-inner\"><div class=\"wpb_wrapper\">\n\t<div  class=\"wpb_single_image wpb_content_element vc_align_center\">\n\t\t\n\t\t<figure class=\"wpb_wrapper vc_figure\">\n\t\t\t<div class=\"vc_single_image-wrapper   vc_box_border_grey\"><img loading=\"lazy\" decoding=\"async\" width=\"1200\" height=\"797\" src=\"https:\/\/hedonichotel.rs\/wp-content\/uploads\/2022\/05\/restoran10.jpg\" class=\"vc_single_image-img attachment-full\" alt=\"\" srcset=\"https:\/\/hedonichotel.rs\/wp-content\/uploads\/2022\/05\/restoran10.jpg 1200w, https:\/\/hedonichotel.rs\/wp-content\/uploads\/2022\/05\/restoran10-300x199.jpg 300w, https:\/\/hedonichotel.rs\/wp-content\/uploads\/2022\/05\/restoran10-1024x680.jpg 1024w, https:\/\/hedonichotel.rs\/wp-content\/uploads\/2022\/05\/restoran10-768x510.jpg 768w\" sizes=\"auto, (max-width: 1200px) 100vw, 1200px\" \/><\/div>\n\t\t<\/figure>\n\t<\/div>\n<\/div><\/div><\/div><\/div>    \t\t\t<\/div><!--\/ia_row-->\r\n\t\t\t<div class=\"ia_row\">\r\n        \t<div class=\"vc_row wpb_row vc_row-fluid\"><div class=\"wpb_column vc_column_container vc_col-sm-12\"><div class=\"vc_column-inner\"><div class=\"wpb_wrapper\">\n\t<div class=\"wpb_text_column wpb_content_element \" >\n\t\t<div class=\"wpb_wrapper\">\n\t\t\t<p style=\"text-align: center;\"><style id=\"wp_carousel_dynamic_css3655\">.sp-wp-carousel-free-id-3655.wpcf-fancybox-wrapper .fancybox-bg{background: #0b0b0b;opacity: 0.8;}.sp-wp-carousel-free-id-3655.wpcf-fancybox-wrapper .fancybox-navigation .fancybox-button .wpcp-fancybox-nav-arrow i {color: #ccc;}.sp-wp-carousel-free-id-3655.wpcf-fancybox-wrapper .fancybox-navigation .fancybox-button .wpcp-fancybox-nav-arrow i:hover {color: #fff;}.sp-wp-carousel-free-id-3655.wpcf-fancybox-wrapper .fancybox-navigation .fancybox-button {background: #1e1e1e;}.sp-wp-carousel-free-id-3655.wpcf-fancybox-wrapper .fancybox-navigation .fancybox-button:hover {background: #1e1e1e;}#sp-wp-carousel-free-id-3655 .wpcp-swiper-dots {margin: 40px 0px 0px 0px;}.wpcp-wrapper-3655 .swiper-wrapper .swiper-slide-kenburn, .wpcp-wrapper-3655 .swiper-wrapper, .wpcp-wrapper-3655 .wpcpro-row{align-items: center;}#sp-wp-carousel-free-id-3655 .wpcp-single-item {box-shadow: 0px 0px 0px 0px #dddddd;transition: all .3s;margin: 0px;}#sp-wp-carousel-free-id-3655.swiper-flip .wpcp-single-item{margin: 0!important;}#sp-wp-carousel-free-id-3655 .wpcp-single-item:hover {box-shadow: 0px 0px 0px 0px #dddddd;}#sp-wp-carousel-free-id-3655.sp-wpcp-3655 .wpcp-single-item {border: 1px solid #dddddd;}#sp-wp-carousel-free-id-3655.sp-wpcp-3655 .swiper-button-prev,#sp-wp-carousel-free-id-3655.sp-wpcp-3655 .swiper-button-next,#sp-wp-carousel-free-id-3655.sp-wpcp-3655 .swiper-button-prev:hover,#sp-wp-carousel-free-id-3655.sp-wpcp-3655 .swiper-button-next:hover {background: none;border: none;font-size: 30px;}#sp-wp-carousel-free-id-3655.sp-wpcp-3655 .swiper-button-prev i,#sp-wp-carousel-free-id-3655.sp-wpcp-3655 .swiper-button-next i {color: #aaa;}#sp-wp-carousel-free-id-3655.sp-wpcp-3655 .swiper-button-prev i:hover,#sp-wp-carousel-free-id-3655.sp-wpcp-3655 .swiper-button-next i:hover {color: #178087;}#sp-wp-carousel-free-id-3655.sp-wpcp-3655 .wpcp-swiper-dots .swiper-pagination-bullet {background-color: #cccccc;}#sp-wp-carousel-free-id-3655.sp-wpcp-3655 .wpcp-swiper-dots .swiper-pagination-bullet.swiper-pagination-bullet-active {background-color: #178087;} #sp-wp-carousel-free-id-3655.sp-wpcp-3655.wpcp-image-carousel .wpcp-single-item:hover img, #sp-wp-carousel-free-id-3655.sp-wpcp-3655.wpcp-post-carousel .wpcp-single-item:hover img, #sp-wp-carousel-free-id-3655.sp-wpcp-3655.wpcp-product-carousel .wpcp-single-item:hover img{-webkit-transform: scale(1.2);-moz-transform: scale(1.2);transform: scale(1.2);}@media screen and (max-width: 479px) {#sp-wp-carousel-free-id-3655.nav-vertical-center {padding: 0;margin:0;}#sp-wp-carousel-free-id-3655.nav-vertical-center .wpcp-next-button,#sp-wp-carousel-free-id-3655.nav-vertical-center .wpcp-prev-button {display: none;}}#sp-wp-carousel-free-id-3655 .wpcpro-row>[class*=\"wpcpro-col-\"] { padding: 0 10px; padding-bottom: 20px;} #sp-wp-carousel-free-id-3655 .swiper-slide .single-item-fade:not(:last-child) { margin-right: 20px;}@media (min-width: 480px) { .wpcpro-row .wpcpro-col-sm-1 { flex: 0 0 100%; max-width: 100%; } .wpcpro-row .wpcpro-col-sm-2 { flex: 0 0 50%; max-width: 50%; } .wpcpro-row .wpcpro-col-sm-2-5 { flex: 0 0 75%; max-width: 75%; } .wpcpro-row .wpcpro-col-sm-3 { flex: 0 0 33.333%; max-width: 33.333%; } .wpcpro-row .wpcpro-col-sm-4 { flex: 0 0 25%; max-width: 25%; } .wpcpro-row .wpcpro-col-sm-5 { flex: 0 0 20%; max-width: 20%; } .wpcpro-row .wpcpro-col-sm-6 { flex: 0 0 16.66666666666667%; max-width: 16.66666666666667%; } .wpcpro-row .wpcpro-col-sm-7 { flex: 0 0 14.28571428%; max-width: 14.28571428%; } .wpcpro-row .wpcpro-col-sm-8 { flex: 0 0 12.5%; max-width: 12.5%; } } @media (max-width: 480px) { .wpcpro-row .wpcpro-col-xs-1 { flex: 0 0 100%; max-width: 100%; } .wpcpro-row .wpcpro-col-xs-2 { flex: 0 0 50%; max-width: 50%; } .wpcpro-row .wpcpro-col-xs-3 { flex: 0 0 33.222%; max-width: 33.222%; } .wpcpro-row .wpcpro-col-xs-4 { flex: 0 0 25%; max-width: 25%; } .wpcpro-row .wpcpro-col-xs-5 { flex: 0 0 20%; max-width: 20%; } .wpcpro-row .wpcpro-col-xs-6 { flex: 0 0 16.6667%; max-width: 16.6667%; } .wpcpro-row .wpcpro-col-xs-7 { flex: 0 0 14.28571428%; max-width: 14.28571428%; } .wpcpro-row .wpcpro-col-xs-8 { flex: 0 0 12.5%; max-width: 12.5%; } } @media (min-width: 736px) { .wpcpro-row .wpcpro-col-md-1 { flex: 0 0 100%; max-width: 100%; } .wpcpro-row .wpcpro-col-md-2 { flex: 0 0 50%; max-width: 50%; } .wpcpro-row .wpcpro-col-md-2-5 { flex: 0 0 75%; max-width: 75%; } .wpcpro-row .wpcpro-col-md-3 { flex: 0 0 33.333%; max-width: 33.333%; } .wpcpro-row .wpcpro-col-md-4 { flex: 0 0 25%; max-width: 25%; } .wpcpro-row .wpcpro-col-md-5 { flex: 0 0 20%; max-width: 20%; } .wpcpro-row .wpcpro-col-md-6 { flex: 0 0 16.66666666666667%; max-width: 16.66666666666667%; } .wpcpro-row .wpcpro-col-md-7 { flex: 0 0 14.28571428%; max-width: 14.28571428%; } .wpcpro-row .wpcpro-col-md-8 { flex: 0 0 12.5%; max-width: 12.5%; } } @media (min-width: 980px) { .wpcpro-row .wpcpro-col-lg-1 { flex: 0 0 100%; max-width: 100%; } .wpcpro-row .wpcpro-col-lg-2 { flex: 0 0 50%; max-width: 50%; } .wpcpro-row .wpcpro-col-lg-3 { flex: 0 0 33.222%; max-width: 33.222%; } .wpcpro-row .wpcpro-col-lg-4 { flex: 0 0 25%; max-width: 25%; } .wpcpro-row .wpcpro-col-lg-5 { flex: 0 0 20%; max-width: 20%; } .wpcpro-row .wpcpro-col-lg-6 { flex: 0 0 16.6667%; max-width: 16.6667%; } .wpcpro-row .wpcpro-col-lg-7 { flex: 0 0 14.28571428%; max-width: 14.28571428%; } .wpcpro-row .wpcpro-col-lg-8 { flex: 0 0 12.5%; max-width: 12.5%; } } @media (min-width: 1200px) { .wpcpro-row .wpcpro-col-xl-1 { flex: 0 0 100%; max-width: 100%; } .wpcpro-row .wpcpro-col-xl-2 { flex: 0 0 50%; max-width: 50%; } .wpcpro-row .wpcpro-col-xl-3 { flex: 0 0 33.22222222%; max-width: 33.22222222%; } .wpcpro-row .wpcpro-col-xl-4 { flex: 0 0 25%; max-width: 25%; } .wpcpro-row .wpcpro-col-xl-5 { flex: 0 0 20%; max-width: 20%; } .wpcpro-row .wpcpro-col-xl-6 { flex: 0 0 16.66667%; max-width: 16.66667%; } .wpcpro-row .wpcpro-col-xl-7 { flex: 0 0 14.28571428%; max-width: 14.28571428%; } .wpcpro-row .wpcpro-col-xl-8 { flex: 0 0 12.5%; max-width: 12.5%; } }<\/style><div class=\"wpcp-carousel-wrapper wpcp-wrapper-3655\">\n\t<div id=\"wpcp-preloader-3655\" class=\"wpcp-carousel-preloader\"><img decoding=\"async\" src=\"https:\/\/hedonichotel.rs\/wp-content\/plugins\/wp-carousel-free\/public\/css\/spinner.svg\" alt=\"Preloader Image\" \/><\/div>\t<div class=\"wpcp-carousel-content-wrapper\">\n\t<div id=\"sp-wp-carousel-free-id-3655\" class=\"wpcp-carousel-section sp-wpcp-3655  nav-vertical-center wpcp-image-carousel wpcp-preloader wpcp-standard\" data-swiper='{ &quot;pagination_type&quot;: &quot;dots&quot;,&quot;accessibility&quot;:true, &quot;spaceBetween&quot;:20, &quot;arrows&quot;:true, &quot;freeMode&quot;: false, &quot;autoplay&quot;:true, &quot;effect&quot;: &quot;slide&quot;, &quot;centerMode&quot;: false, &quot;autoplaySpeed&quot;:3000, &quot;dots&quot;:true, &quot;infinite&quot;:true, &quot;speed&quot;:600, &quot;pauseOnHover&quot;:true,\n\t\t\t&quot;slidesToShow&quot;:{&quot;lg_desktop&quot;:1, &quot;desktop&quot;: 1, &quot;laptop&quot;: 1, &quot;tablet&quot;: 1, &quot;mobile&quot;: 1}, &quot;responsive&quot;:{&quot;desktop&quot;:1200, &quot;laptop&quot;: 980, &quot;tablet&quot;: 736, &quot;mobile&quot;: 480}, &quot;rtl&quot;:false, &quot;lazyLoad&quot;: &quot;false&quot;, &quot;swipe&quot;: true, &quot;draggable&quot;: true, &quot;swipeToSlide&quot;:false }' dir=\"ltr\">\n\t\t<div class=\"swiper-wrapper\">\n\t\t<div class=\"swiper-slide\">\n\t<div class=\"wpcp-single-item\">\n\t\t\t<div class=\"wpcp-slide-image\">\n\t\t<img loading=\"lazy\" decoding=\"async\" class=\"skip-lazy\" src=\"https:\/\/hedonichotel.rs\/wp-content\/uploads\/2021\/07\/110107417_287773212668954_4173495212334500995_o.jpg\" alt=\"110107417_287773212668954_4173495212334500995_o\" width=\"1848\" height=\"1228\">\t<\/div>\n\t\t<\/div>\n<\/div>\n\t<div class=\"swiper-slide\">\n\t<div class=\"wpcp-single-item\">\n\t\t\t<div class=\"wpcp-slide-image\">\n\t\t<img loading=\"lazy\" decoding=\"async\" class=\"skip-lazy\" src=\"https:\/\/hedonichotel.rs\/wp-content\/uploads\/2021\/07\/D4S_1320.jpg\" alt=\"D4S_1320\" width=\"1848\" height=\"1228\">\t<\/div>\n\t\t<\/div>\n<\/div>\n\t<div class=\"swiper-slide\">\n\t<div class=\"wpcp-single-item\">\n\t\t\t<div class=\"wpcp-slide-image\">\n\t\t<img loading=\"lazy\" decoding=\"async\" class=\"skip-lazy\" src=\"https:\/\/hedonichotel.rs\/wp-content\/uploads\/2021\/07\/D4S_1326.jpg\" alt=\"D4S_1326\" width=\"1848\" height=\"1228\">\t<\/div>\n\t\t<\/div>\n<\/div>\n\t<div class=\"swiper-slide\">\n\t<div class=\"wpcp-single-item\">\n\t\t\t<div class=\"wpcp-slide-image\">\n\t\t<img loading=\"lazy\" decoding=\"async\" class=\"skip-lazy\" src=\"https:\/\/hedonichotel.rs\/wp-content\/uploads\/2021\/07\/D4S_1532.jpg\" alt=\"D4S_1532\" width=\"1848\" height=\"1228\">\t<\/div>\n\t\t<\/div>\n<\/div>\n\t<div class=\"swiper-slide\">\n\t<div class=\"wpcp-single-item\">\n\t\t\t<div class=\"wpcp-slide-image\">\n\t\t<img loading=\"lazy\" decoding=\"async\" class=\"skip-lazy\" src=\"https:\/\/hedonichotel.rs\/wp-content\/uploads\/2021\/07\/Februar.jpg\" alt=\"Februar\" width=\"1848\" height=\"1228\">\t<\/div>\n\t\t<\/div>\n<\/div>\n\t<div class=\"swiper-slide\">\n\t<div class=\"wpcp-single-item\">\n\t\t\t<div class=\"wpcp-slide-image\">\n\t\t<img loading=\"lazy\" decoding=\"async\" class=\"skip-lazy\" src=\"https:\/\/hedonichotel.rs\/wp-content\/uploads\/2021\/07\/IMG_9253-scaled.jpg\" alt=\"IMG_9253\" width=\"2560\" height=\"1707\">\t<\/div>\n\t\t<\/div>\n<\/div>\n\t<div class=\"swiper-slide\">\n\t<div class=\"wpcp-single-item\">\n\t\t\t<div class=\"wpcp-slide-image\">\n\t\t<img loading=\"lazy\" decoding=\"async\" class=\"skip-lazy\" src=\"https:\/\/hedonichotel.rs\/wp-content\/uploads\/2021\/07\/IMG-20210625-WA0031.jpg\" alt=\"IMG-20210625-WA0031\" width=\"800\" height=\"379\">\t<\/div>\n\t\t<\/div>\n<\/div>\n\t<div class=\"swiper-slide\">\n\t<div class=\"wpcp-single-item\">\n\t\t\t<div class=\"wpcp-slide-image\">\n\t\t<img loading=\"lazy\" decoding=\"async\" class=\"skip-lazy\" src=\"https:\/\/hedonichotel.rs\/wp-content\/uploads\/2021\/07\/IMG-20210625-WA0043.jpg\" alt=\"IMG-20210625-WA0043\" width=\"800\" height=\"379\">\t<\/div>\n\t\t<\/div>\n<\/div>\n\t<div class=\"swiper-slide\">\n\t<div class=\"wpcp-single-item\">\n\t\t\t<div class=\"wpcp-slide-image\">\n\t\t<img loading=\"lazy\" decoding=\"async\" class=\"skip-lazy\" src=\"https:\/\/hedonichotel.rs\/wp-content\/uploads\/2021\/07\/IMG-20210625-WA0067.jpg\" alt=\"IMG-20210625-WA0067\" width=\"800\" height=\"533\">\t<\/div>\n\t\t<\/div>\n<\/div>\n\t<div class=\"swiper-slide\">\n\t<div class=\"wpcp-single-item\">\n\t\t\t<div class=\"wpcp-slide-image\">\n\t\t<img loading=\"lazy\" decoding=\"async\" class=\"skip-lazy\" src=\"https:\/\/hedonichotel.rs\/wp-content\/uploads\/2021\/07\/ZEX_6579.jpg\" alt=\"ZEX_6579\" width=\"2128\" height=\"1416\">\t<\/div>\n\t\t<\/div>\n<\/div>\n\t<div class=\"swiper-slide\">\n\t<div class=\"wpcp-single-item\">\n\t\t\t<div class=\"wpcp-slide-image\">\n\t\t<img loading=\"lazy\" decoding=\"async\" class=\"skip-lazy\" src=\"https:\/\/hedonichotel.rs\/wp-content\/uploads\/2021\/07\/ZEX_6601.jpg\" alt=\"ZEX_6601\" width=\"2128\" height=\"1416\">\t<\/div>\n\t\t<\/div>\n<\/div>\n\t<div class=\"swiper-slide\">\n\t<div class=\"wpcp-single-item\">\n\t\t\t<div class=\"wpcp-slide-image\">\n\t\t<img loading=\"lazy\" decoding=\"async\" class=\"skip-lazy\" src=\"https:\/\/hedonichotel.rs\/wp-content\/uploads\/2021\/07\/ZEX_6612.jpg\" alt=\"ZEX_6612\" width=\"2128\" height=\"1416\">\t<\/div>\n\t\t<\/div>\n<\/div>\n\t<div class=\"swiper-slide\">\n\t<div class=\"wpcp-single-item\">\n\t\t\t<div class=\"wpcp-slide-image\">\n\t\t<img loading=\"lazy\" decoding=\"async\" class=\"skip-lazy\" src=\"https:\/\/hedonichotel.rs\/wp-content\/uploads\/2021\/07\/ZEX_6614.jpg\" alt=\"ZEX_6614\" width=\"2128\" height=\"1416\">\t<\/div>\n\t\t<\/div>\n<\/div>\n\t\t\t<\/div>\n\t\t\t\t\t<div class=\"wpcp-swiper-dots swiper-pagination\"><\/div>\n\t\t\t\t<!-- If we need navigation buttons -->\n\t\t\t\t\t<div class=\"wpcp-prev-button swiper-button-prev\"><i class=\"fa fa-angle-left\"><\/i><\/div>\n\t\t\t<div class=\"wpcp-next-button swiper-button-next\"><i class=\"fa fa-angle-right\"><\/i><\/div>\n\t\t\t<\/div>\n\t<\/div>\n<\/div>\n\n\t\t<\/div>\n\t<\/div>\n<\/div><\/div><\/div><\/div>    \t\t\t<\/div><!--\/ia_row-->\r\n\t<\/p>\n","protected":false},"excerpt":{"rendered":"U\u017eivajte u pa\u017eljivo odabranoj selekciji doma\u0107ih i internacionalnih jela, pripremljenih od najkvalitetnijih namirnica uz veliku posve\u0107enost i profesionalnost kuhinjskog tima. Uz vrhunsku uslugu i uvek ljubazno osoblje, poseta restoranu Avala predstavlja gastronomsko iskustvo koje \u0107e [...]","protected":false},"author":4,"featured_media":0,"parent":0,"menu_order":0,"comment_status":"closed","ping_status":"closed","template":"","meta":{"footnotes":""},"class_list":["post-3452","page","type-page","status-publish","hentry"],"_links":{"self":[{"href":"https:\/\/hedonichotel.rs\/en\/wp-json\/wp\/v2\/pages\/3452","targetHints":{"allow":["GET"]}}],"collection":[{"href":"https:\/\/hedonichotel.rs\/en\/wp-json\/wp\/v2\/pages"}],"about":[{"href":"https:\/\/hedonichotel.rs\/en\/wp-json\/wp\/v2\/types\/page"}],"author":[{"embeddable":true,"href":"https:\/\/hedonichotel.rs\/en\/wp-json\/wp\/v2\/users\/4"}],"replies":[{"embeddable":true,"href":"https:\/\/hedonichotel.rs\/en\/wp-json\/wp\/v2\/comments?post=3452"}],"version-history":[{"count":6,"href":"https:\/\/hedonichotel.rs\/en\/wp-json\/wp\/v2\/pages\/3452\/revisions"}],"predecessor-version":[{"id":3743,"href":"https:\/\/hedonichotel.rs\/en\/wp-json\/wp\/v2\/pages\/3452\/revisions\/3743"}],"wp:attachment":[{"href":"https:\/\/hedonichotel.rs\/en\/wp-json\/wp\/v2\/media?parent=3452"}],"curies":[{"name":"wp","href":"https:\/\/api.w.org\/{rel}","templated":true}]}}